{"id":1511,"date":"2013-02-11T13:38:28","date_gmt":"2013-02-11T13:38:28","guid":{"rendered":"http:\/\/www.akademiplena.com\/blog\/?page_id=1511"},"modified":"2013-02-11T13:42:46","modified_gmt":"2013-02-11T13:42:46","slug":"tutum-testi","status":"publish","type":"page","link":"https:\/\/www.akademiplena.com\/blog\/tutum-testi\/","title":{"rendered":"TUTUM TEST\u0130"},"content":{"rendered":"<p>&nbsp;<\/p>\n<p>\u00d6NEML\u0130 NOT:\u00a0Test iki k\u0131s\u0131mdan olu\u015fmaktad\u0131r. K\u0131s\u0131m 1 ile K\u0131s\u0131m 2&#8217;nin puanlamas\u0131 farkl\u0131d\u0131r. Her \u00f6nerme i\u00e7in uygun puan\u0131 vermeniz beklenmektedir. Bunun i\u00e7in ihtiyac\u0131n\u0131z olan bir ka\u011f\u0131t ve bir kalemdir. Puanlamay\u0131 yapt\u0131ktan sonra puanlar\u0131n\u0131z\u0131 toplay\u0131n\u0131z. Sonucunuzu g\u00f6rmek i\u00e7inde\u00a0testin sonundaki linki t\u0131klay\u0131n\u0131z.<\/p>\n<p>TUTUM TEST\u0130<\/p>\n<p>KISIM 1<\/p>\n<p>1-Haberleri izlerim haberler hakk\u0131nda konu\u015furum<\/p>\n<p>2-K\u00f6t\u00fc hava \u015fartlar\u0131ndan etkilenirim<\/p>\n<p>3-Birine olan k\u0131zg\u0131nl\u0131\u011f\u0131m bir saatten fazla s\u00fcrer<\/p>\n<p>4-\u0130\u015fler k\u00f6t\u00fc gitti\u011finde ba\u015fkalar\u0131n\u0131 su\u00e7lar\u0131m<\/p>\n<p>5-\u0130\u015fler k\u00f6t\u00fc gitti\u011finde kendimi su\u00e7lar\u0131m<\/p>\n<p>6-Evdeki sorunlar\u0131m\u0131 i\u015fe yans\u0131t\u0131r\u0131m<\/p>\n<p>7-\u0130\u015fteki sorunlar\u0131m\u0131 eve yans\u0131t\u0131r\u0131m<\/p>\n<p>1-*HER ZAMAN 2 SIK SIK 3 BAZEN 4 NAD\u0130REN 5 H\u0130\u00c7<\/p>\n<p>&nbsp;<\/p>\n<p>KISIM 2<\/p>\n<p>1-Ben co\u015fkulu bir insan\u0131m.<\/p>\n<p>2-\u0130\u00e7 d\u00fcnyamda mutluyum<\/p>\n<p>3-Olaylara iyi taraf\u0131ndan bakar\u0131m<\/p>\n<p>4-Genellikle olaylar\u0131n iyi y\u00f6n\u00fcnden s\u00f6z ederim<\/p>\n<p>5-\u0130nsanlar\u0131 ve olaylar\u0131 sevmeme sebeplerimi de\u011fil sevme sebeplerimi s\u00f6ylerim<\/p>\n<p>6-K\u00f6t\u00fc bir olay oldu\u011fu zaman bir f\u0131rsat arar\u0131m<\/p>\n<p>7-Beni inciten k\u0131ran insanlar\u0131 affederim<\/p>\n<p>8-E\u011fer s\u00f6yleyecek g\u00fczel bir s\u00f6z bulamazsam hi\u00e7 bir \u015fey s\u00f6ylemem.<\/p>\n<p>9-Kendimi y\u00fcreklendiririm.<\/p>\n<p>10-Olumlu tutum dilini kullan\u0131r\u0131m yapamam edemem demem.<\/p>\n<p>11-Kar\u015f\u0131l\u0131k beklemeden ba\u015fkalar\u0131na yard\u0131m ederim.<\/p>\n<p>12-\u0130nsanlara yard\u0131m etti\u011fimde mutlu olurum.<\/p>\n<p>13-\u00c7o\u011fu zaman ba\u015fkalar\u0131n\u0131 ba\u015far\u0131l\u0131 olmalar\u0131 i\u00e7in cesaretlendiririm motive ederim<\/p>\n<p>14-Kendimden ve hayat\u0131mdan memnunum.<\/p>\n<p>15-Olumlu yakla\u015f\u0131m \u00fczerine her g\u00fcn \u00e7al\u0131\u015f\u0131yorum.<\/p>\n<p>16-Olumlu tutumla ilgili kitap okuyorum dan\u0131\u015fmanl\u0131k al\u0131yorum.<\/p>\n<p>17-Yapamazs\u0131n diyen ve cesaretimi k\u0131ran insanlar\u0131 dikkate alm\u0131yorum.<\/p>\n<p>18-Her g\u00fcn kar\u015f\u0131la\u015ft\u0131\u011f\u0131m l\u00fctuflar\u0131 bir bir say\u0131yorum.<\/p>\n<p>19-Kendime inan\u0131yorum.<\/p>\n<p>1-H\u0130\u00c7 2 NAD\u0130REN 3 BAZEN 4 SIK SIK 5 HE ZAMAN<\/p>\n<p>Sonu\u00e7lar \u0130\u00e7in t\u0131klay\u0131n\u0131z:<a href=\"http:\/\/www.akademiplena.com\/blog\/tutum-testi-sonuclari\/\">http:\/\/www.akademiplena.com\/blog\/tutum-testi-sonuclari\/<\/a><\/p>\n<p>NOT:Test j.Gitomer&#8217;e aittir.<\/p>\n<p>&nbsp;<\/p>\n<p>&nbsp;<\/p>\n<p>&nbsp;<\/p>\n","protected":false},"excerpt":{"rendered":"<p>&nbsp; \u00d6NEML\u0130 NOT:\u00a0Test iki k\u0131s\u0131mdan olu\u015fmaktad\u0131r. K\u0131s\u0131m 1 ile K\u0131s\u0131m 2&#8217;nin puanlamas\u0131 farkl\u0131d\u0131r. Her \u00f6nerme i\u00e7in uygun puan\u0131 vermeniz beklenmektedir. Bunun i\u00e7in ihtiyac\u0131n\u0131z olan bir ka\u011f\u0131t ve bir kalemdir. Puanlamay\u0131 [&hellip;]<\/p>\n","protected":false},"author":1,"featured_media":0,"parent":0,"menu_order":0,"comment_status":"open","ping_status":"open","template":"","meta":[],"_links":{"self":[{"href":"https:\/\/www.akademiplena.com\/blog\/wp-json\/wp\/v2\/pages\/1511"}],"collection":[{"href":"https:\/\/www.akademiplena.com\/blog\/wp-json\/wp\/v2\/pages"}],"about":[{"href":"https:\/\/www.akademiplena.com\/blog\/wp-json\/wp\/v2\/types\/page"}],"author":[{"embeddable":true,"href":"https:\/\/www.akademiplena.com\/blog\/wp-json\/wp\/v2\/users\/1"}],"replies":[{"embeddable":true,"href":"https:\/\/www.akademiplena.com\/blog\/wp-json\/wp\/v2\/comments?post=1511"}],"version-history":[{"count":3,"href":"https:\/\/www.akademiplena.com\/blog\/wp-json\/wp\/v2\/pages\/1511\/revisions"}],"predecessor-version":[{"id":1517,"href":"https:\/\/www.akademiplena.com\/blog\/wp-json\/wp\/v2\/pages\/1511\/revisions\/1517"}],"wp:attachment":[{"href":"https:\/\/www.akademiplena.com\/blog\/wp-json\/wp\/v2\/media?parent=1511"}],"curies":[{"name":"wp","href":"https:\/\/api.w.org\/{rel}","templated":true}]}}