{"id":2563,"date":"2014-06-28T21:11:20","date_gmt":"2014-06-28T21:11:20","guid":{"rendered":"http:\/\/www.akademiplena.com\/blog\/?page_id=2563"},"modified":"2014-06-28T21:11:20","modified_gmt":"2014-06-28T21:11:20","slug":"vizyon-ve-misyonumuz","status":"publish","type":"page","link":"https:\/\/www.akademiplena.com\/blog\/vizyon-ve-misyonumuz\/","title":{"rendered":"Vizyon ve Misyonumuz"},"content":{"rendered":"<p>H\u0131zla ilerleyen teknolojiye ra\u011fmeni hayat\u0131m\u0131z\u0131 kolayla\u015ft\u0131ran bu kadar geli\u015fmeye ra\u011fmen insanl\u0131k hala\u00a0mutsuz, \u00f6fke dolu ve sald\u0131rgan olabilmektedir. Bu bazen fark\u0131ndal\u0131k eksikli\u011finden bazen ise b\u00fct\u00fcnl\u00fc\u011fe ula\u015fma yolunda ne yap\u0131laca\u011f\u0131n\u0131 bilememekten kaynaklan\u0131r.<\/p>\n<p><strong>Ayna Profesyonel Ko\u00e7luk Program\u0131n\u0131n Vizyonu;<\/strong> ula\u015ft\u0131\u011f\u0131m\u0131z her insanda bir fark\u0131ndal\u0131k ve de\u011fi\u015fim yaratmak ve lider ko\u00e7lar yeti\u015ftirmektir.<\/p>\n<p><strong>Misyonumuz;<\/strong>\u00a0T\u00fcm T\u00fcrkiye ve d\u00fcnyada, insanl\u0131\u011f\u0131n ortak de\u011ferleri \u00e7er\u00e7evesinde bilgiyi payla\u015farak \u00e7o\u011faltmakt\u0131r.<\/p>\n<p>AYNA; Ko\u00e7lu\u011fu en iyi tan\u0131mlayan metafordur. Ko\u00e7luk felsefemiz, en eski zamanlardan bu yana gelen d\u00fc\u015f\u00fcnce bi\u00e7imi olan,\u00a0hepimizin birbirimize ayna oldu\u011fu felsefesidir. Bireyin geli\u015fim iste\u011fi, evrensel b\u00fct\u00fcnl\u00fc\u011fe ve kendisi ve \u00e7evresi i\u00e7in iyiye ve g\u00fczele ula\u015fmakt\u0131r.<\/p>\n<p>Ko\u00e7luk yakla\u015f\u0131m\u0131z\u0131m\u0131z Anadolu bilgeli\u011fityle genel kabul g\u00f6rm\u00fc\u015f ko\u00e7luk yakla\u015f\u0131mlar\u0131n\u0131 harmanlayarak olu\u015fmu\u015f bir g\u00f6n\u00fcl yolculu\u011fudur. Anadolu\u011fu bilgeli\u011fini yan\u0131m\u0131za al\u0131p y\u00fcz\u00fcm\u00fcz\u00fc yenili\u011fe, de\u011fi\u015fime d\u00f6n\u00fc\u015f\u00fcme \u00e7evirmi\u015f oldu\u011fumuz bu yolda rotam\u0131z b\u00fct\u00fcnl\u00fck yolumuz fark\u0131ndal\u0131k yoludur. Yolumuz a\u015fk yoludur. Liderli\u011fimiz ilke merkezli\u011fimizden gelir.<\/p>\n","protected":false},"excerpt":{"rendered":"<p>H\u0131zla ilerleyen teknolojiye ra\u011fmeni hayat\u0131m\u0131z\u0131 kolayla\u015ft\u0131ran bu kadar geli\u015fmeye ra\u011fmen insanl\u0131k hala\u00a0mutsuz, \u00f6fke dolu ve sald\u0131rgan olabilmektedir. Bu bazen fark\u0131ndal\u0131k eksikli\u011finden bazen ise b\u00fct\u00fcnl\u00fc\u011fe ula\u015fma yolunda ne yap\u0131laca\u011f\u0131n\u0131 bilememekten kaynaklan\u0131r. [&hellip;]<\/p>\n","protected":false},"author":1,"featured_media":0,"parent":0,"menu_order":0,"comment_status":"open","ping_status":"open","template":"","meta":[],"_links":{"self":[{"href":"https:\/\/www.akademiplena.com\/blog\/wp-json\/wp\/v2\/pages\/2563"}],"collection":[{"href":"https:\/\/www.akademiplena.com\/blog\/wp-json\/wp\/v2\/pages"}],"about":[{"href":"https:\/\/www.akademiplena.com\/blog\/wp-json\/wp\/v2\/types\/page"}],"author":[{"embeddable":true,"href":"https:\/\/www.akademiplena.com\/blog\/wp-json\/wp\/v2\/users\/1"}],"replies":[{"embeddable":true,"href":"https:\/\/www.akademiplena.com\/blog\/wp-json\/wp\/v2\/comments?post=2563"}],"version-history":[{"count":1,"href":"https:\/\/www.akademiplena.com\/blog\/wp-json\/wp\/v2\/pages\/2563\/revisions"}],"predecessor-version":[{"id":2564,"href":"https:\/\/www.akademiplena.com\/blog\/wp-json\/wp\/v2\/pages\/2563\/revisions\/2564"}],"wp:attachment":[{"href":"https:\/\/www.akademiplena.com\/blog\/wp-json\/wp\/v2\/media?parent=2563"}],"curies":[{"name":"wp","href":"https:\/\/api.w.org\/{rel}","templated":true}]}}