{"id":3361,"date":"2016-02-01T14:59:01","date_gmt":"2016-02-01T14:59:01","guid":{"rendered":"http:\/\/www.akademiplena.com\/blog\/?page_id=3361"},"modified":"2016-02-01T14:59:01","modified_gmt":"2016-02-01T14:59:01","slug":"progresyon-gelecek-zamanda-ilerleme-terapisi","status":"publish","type":"page","link":"https:\/\/www.akademiplena.com\/blog\/progresyon-gelecek-zamanda-ilerleme-terapisi\/","title":{"rendered":"Progresyon (Gelecek Zamanda \u0130lerleme) Terapisi"},"content":{"rendered":"<p>\u015eu ana kadar uygulad\u0131\u011f\u0131m\u0131z t\u00fcm terapi seanslar\u0131 sonunda edindi\u011fimiz ortak bir sonu\u00e7 var:<\/p>\n<p>\u0130nsanlar\u0131n ya\u015fad\u0131\u011f\u0131 t\u00fcm fiziksel ve duygusal sorunlar\u0131n k\u00f6keni, ge\u00e7mi\u015fte ya\u015fad\u0131\u011f\u0131 olumsuz deneyimlerin travmatik etkilerinin, \u015fu anki hayat\u0131n\u0131 etkilemesi, gelece\u011fe dair kayg\u0131 yaratarak mutsuz ve depresif bir ya\u015fam olu\u015fturmas\u0131 diyebiliriz.<\/p>\n<p>Ge\u00e7mi\u015f ya\u015fam deneyimlerimizi de\u011fi\u015ftiremeyiz.Fakat hipnoterapi ve regresyon (ge\u00e7mi\u015f ya\u015fam) terapisinde ama\u00e7lanan; Bireyin ge\u00e7mi\u015fte ya\u015fad\u0131\u011f\u0131 travmatik olaylara kar\u015f\u0131 tepkisinin (olumsuz tutum,d\u00fc\u015f\u00fcnce,duygu, ve davran\u0131\u015f kal\u0131plar\u0131n\u0131n) olumlu y\u00f6nde de\u011fi\u015ftirilmesini sa\u011flamak.<\/p>\n<p>Herkesin de bildi\u011fi gibi hipnoz ve regresyon terapisinde; Hipnotik telkinlerle beyin dalgalar\u0131 frekans seviyesini alfa ve teta dalga boyuna getirilerek, uyur- uyan\u0131k zihin durumunda trans hali yarat\u0131l\u0131r. Hafif trans halidir ve birey her \u015feyi bilin\u00e7li zihniyle hat\u0131rlar ve bilir. Bilin\u00e7alt\u0131 d\u00fczeyde ge\u00e7mi\u015f zamana do\u011fru gerileyerek, travmalar\u0131n \u00e7\u00f6z\u00fclmesi ve iyile\u015ftirilmesi sa\u011flan\u0131r.<\/p>\n<p>PROGRESYON TERAP\u0130S\u0130 de ayn\u0131 s\u00fcre\u00e7te, gelecek zamanda ad\u0131m ad\u0131m ilerleyerek uygulan\u0131r. Ge\u00e7mi\u015fte ya\u015fanm\u0131\u015f olumsuz an\u0131larla dolu zihin, \u015fu an korku, endi\u015fe ve ku\u015fkuyu beraberinde getirerek, kayg\u0131l\u0131 bir gelecek yarat\u0131r. \u015eimdi ve \u015fu anki ad\u0131mlar\u0131m\u0131z\u0131 ve kararlar\u0131m\u0131z\u0131 etkileyerek, ya\u015famaktan ho\u015fnut olmayaca\u011f\u0131m\u0131z bir gelecek yaratmam\u0131za neden olur.<\/p>\n<p><strong>Progresyon terapisi ile ama\u00e7lanan nedir?<\/strong><\/p>\n<p>Terapi esnas\u0131nda i\u00e7-i\u00e7e ge\u00e7en regresyon ve progresyon uygulamalar\u0131, zihnimize olumlu y\u00fckleme ile gelece\u011fe dair pozitif ve kabul edilebilir bir vizyon yaratmak, k\u0131saca s\u00fcreci iyile\u015ftirmek diyebiliriz.<\/p>\n<p>S\u00fcre\u00e7 ve sonu\u00e7 ili\u015fkisinde, istenmeyen deneyimler sebebiyle olumlu d\u00fc\u015f\u00fcnmeyi ba\u015faramayan zihin, bir s\u00fcre pozitif deneyimlerin ger\u00e7ekli\u011fini ve rahatl\u0131\u011f\u0131n\u0131 ya\u015fad\u0131\u011f\u0131nda, seans sonras\u0131nda ya\u015fam\u0131na devam ederken bilin\u00e7li bir \u015fekilde, olumlu d\u00fc\u015f\u00fcnmeyi talep etmeye ba\u015fl\u0131yor.<\/p>\n<p><strong>Progresyon seans\u0131 uygulama \u00f6rne\u011fi verebilir misiniz? <\/strong><\/p>\n<p>Ge\u00e7mi\u015f referans\u0131nda (\u00e7ocukluk ve erken gen\u00e7lik d\u00f6neminde \u00e7evresinde \u015fahit oldu\u011fu mutsuz evlilik \u00f6rnekleri) olumsuz kay\u0131tlar\u0131 olan bir dan\u0131\u015fan\u0131m, evlilik korkusu nedeniyle, bilin\u00e7alt\u0131 d\u00fczeyde geli\u015ftirdi\u011fi savunma mekanizmas\u0131 sonucunda ikili ili\u015fkilerinde ba\u015far\u0131s\u0131z oluyordu. Hatta kendini evli ve \u00e7ocuk sahibi olarak hayal bile edemedi\u011finden muzdarip olan dan\u0131\u015fan\u0131m, evli ve \u00e7ocuk sahibi oldu\u011fu bir zaman dilimine yolculuk yapt\u0131. Gelecek ya\u015fam ger\u00e7ekli\u011fini, teta frekans\u0131 dalga boyunda canl\u0131 canl\u0131 ya\u015famas\u0131 sonucunda, gelece\u011fine yans\u0131tt\u0131\u011f\u0131 korkular\u0131n\u0131n anlams\u0131zl\u0131\u011f\u0131n\u0131 g\u00f6rd\u00fc. \u015eimdiki ya\u015fam\u0131nda olu\u015fturdu\u011fu hezeyan\u0131n\u0131n \u00fcstesinden gelerek gelecek ya\u015fam\u0131n\u0131n istedi\u011fi y\u00f6nde olabilece\u011fini alg\u0131lad\u0131.<\/p>\n<p>Alg\u0131lad\u0131\u011f\u0131m\u0131z do\u011frusal zaman boyutunda ge\u00e7mi\u015f, e\u011frisiyle do\u011frusuyla ya\u015fand\u0131. Gelecek ise hen\u00fcz gelmedi. Olumsuz bilin\u00e7alt\u0131 kay\u0131tlar\u0131 sebebiyle zihnin hakimiyetini ka\u00e7\u0131rm\u0131\u015f olan bireyin \u015fimdiki ya\u015fam\u0131 alt-\u00fcst oluyor. Zaman kayd\u0131 i\u00e7inde \u201can\u201d\u0131 ya\u015famas\u0131 engelleniyor.<\/p>\n<p>Progresyon terapisi \u00a0ki\u015finin gereksiz kayg\u0131lar\u0131 yok etmesine yar\u0131yor. \u015eimdi ya\u015fad\u0131\u011f\u0131 zamandan ba\u015fka bir zaman\u0131n( ge\u00e7mi\u015f ve gelece\u011fin) \u00f6nemi olmad\u0131\u011f\u0131n\u0131 hat\u0131rlatarak bireyin \u201can\u201dda kalmas\u0131n\u0131 ve iyile\u015fme s\u00fcrecini ba\u015flat\u0131yor. Gelece\u011fe dair olumlu vizyon ve yeni bir gelecek yarat\u0131yor.<\/p>\n<p><strong>E\u011fer birey, kendini seans esnas\u0131nda olumsuz bir gelecek ya\u015fam deneyiminde bulursa ne olur?<\/strong><\/p>\n<p>Evet, tabi\u00ee ki \u00e7ok m\u00fcmk\u00fcn. Birey ya\u015famaktan ho\u015flanmad\u0131\u011f\u0131 bir deneyimin i\u00e7ine girerse, \u00a0sorunlu zihin yap\u0131s\u0131yla olu\u015fturca\u011f\u0131 gelecek ya\u015fam deneyimini de\u011fi\u015ftirme imk\u00e2n\u0131 bulacak. \u015eimdiki ya\u015fam\u0131nda olumsuz deneyimi ya\u015famas\u0131na sebep olan d\u00fc\u015f\u00fcnce, duygu ve davran\u0131\u015f kal\u0131plar\u0131n\u0131 fark ederek de\u011fi\u015ftirebilecek. Yeni olumlu zihin durumuyla olumsuz deneyimi yeniden ya\u015famas\u0131 telkiniyle, olumlu y\u00f6nde yeniden \u00e7er\u00e7eveleyerek hen\u00fcz ya\u015fanmam\u0131\u015f gelece\u011fini bilin\u00e7alt\u0131 d\u00fczeyde yeniden yap\u0131land\u0131rarak istedi\u011fi gelece\u011fi yaratabilecektir.<\/p>\n<p><strong>Pogresyon terapisinden kimler faydalanabilir?<\/strong><\/p>\n<p><strong>&#8211;<\/strong>Duygu durum bozuklu\u011fu ya\u015fayanlar,<\/p>\n<p>-Panik atak,<\/p>\n<p>-Manik depresif,<\/p>\n<p>-Anlams\u0131z fobileri olanlar,<\/p>\n<p>-Gelecek kayg\u0131s\u0131 ile s\u00fcrekli endi\u015feli ruh halinde olanlar,<\/p>\n<p>-Ba\u011f\u0131ml\u0131l\u0131k (madde ba\u011f\u0131ml\u0131l\u0131\u011f\u0131, ili\u015fkilerde ba\u011f\u0131ml\u0131l\u0131k vs\u2026..),<\/p>\n<p>&#8211; \u0130\u015f hayat\u0131nda ba\u015far\u0131s\u0131zl\u0131k kayg\u0131s\u0131 olanlar,<\/p>\n<p>-Aile ve sosyal ili\u015fkilerinde ileti\u015fim bozuklu\u011fu ya\u015fayanlar<\/p>\n<p>-De\u011fersizlik ve g\u00fcvensizlik inanc\u0131n\u0131 geli\u015ftirmi\u015f olanlar,<\/p>\n<p>-Sevme sevilme kayg\u0131s\u0131 ya\u015fayanlar,<\/p>\n<p>-S\u00fcrekli olumsuza odakl\u0131 ya\u015fam bi\u00e7imi olanlar faydalanabilirler.<\/p>\n<p><strong>Terapi ka\u00e7 seans gerektiriyor?<\/strong><\/p>\n<p>Seans s\u00fcreci 4 a\u015famada ger\u00e7ekle\u015fiyor. Genellikle 4-5 Seans yeterli olabiliyor.<\/p>\n<p>Sonu\u00e7 olarak zihin kendi kendini ger\u00e7ekle\u015ftiren kehanettir.<\/p>\n<p>Her \u015fey zihinde ba\u015flar, zihinde d\u00fczenlenir ve her \u015fey yine zihinde biter.<\/p>\n<p>Sevgiler.<\/p>\n<p>Hicran \u0130pekba\u011flar &amp; Hipnoterapist<\/p>\n<p>&nbsp;<\/p>\n<p>&nbsp;<\/p>\n<p>&nbsp;<\/p>\n<p>&nbsp;<\/p>\n","protected":false},"excerpt":{"rendered":"<p>\u015eu ana kadar uygulad\u0131\u011f\u0131m\u0131z t\u00fcm terapi seanslar\u0131 sonunda edindi\u011fimiz ortak bir sonu\u00e7 var: \u0130nsanlar\u0131n ya\u015fad\u0131\u011f\u0131 t\u00fcm fiziksel ve duygusal sorunlar\u0131n k\u00f6keni, ge\u00e7mi\u015fte ya\u015fad\u0131\u011f\u0131 olumsuz deneyimlerin travmatik etkilerinin, \u015fu anki hayat\u0131n\u0131 [&hellip;]<\/p>\n","protected":false},"author":1,"featured_media":0,"parent":0,"menu_order":0,"comment_status":"closed","ping_status":"closed","template":"","meta":[],"_links":{"self":[{"href":"https:\/\/www.akademiplena.com\/blog\/wp-json\/wp\/v2\/pages\/3361"}],"collection":[{"href":"https:\/\/www.akademiplena.com\/blog\/wp-json\/wp\/v2\/pages"}],"about":[{"href":"https:\/\/www.akademiplena.com\/blog\/wp-json\/wp\/v2\/types\/page"}],"author":[{"embeddable":true,"href":"https:\/\/www.akademiplena.com\/blog\/wp-json\/wp\/v2\/users\/1"}],"replies":[{"embeddable":true,"href":"https:\/\/www.akademiplena.com\/blog\/wp-json\/wp\/v2\/comments?post=3361"}],"version-history":[{"count":1,"href":"https:\/\/www.akademiplena.com\/blog\/wp-json\/wp\/v2\/pages\/3361\/revisions"}],"predecessor-version":[{"id":3362,"href":"https:\/\/www.akademiplena.com\/blog\/wp-json\/wp\/v2\/pages\/3361\/revisions\/3362"}],"wp:attachment":[{"href":"https:\/\/www.akademiplena.com\/blog\/wp-json\/wp\/v2\/media?parent=3361"}],"curies":[{"name":"wp","href":"https:\/\/api.w.org\/{rel}","templated":true}]}}