{"id":4282,"date":"2021-02-17T13:42:16","date_gmt":"2021-02-17T13:42:16","guid":{"rendered":"http:\/\/www.akademiplena.com\/blog\/?page_id=4282"},"modified":"2021-02-17T13:42:16","modified_gmt":"2021-02-17T13:42:16","slug":"insanlar-neden-kocluk-danismanlik-ve-terapi-alirlar","status":"publish","type":"page","link":"https:\/\/www.akademiplena.com\/blog\/insanlar-neden-kocluk-danismanlik-ve-terapi-alirlar\/","title":{"rendered":"\u0130nsanlar neden ko\u00e7luk, dan\u0131\u015fmanl\u0131k ve terapi al\u0131rlar?"},"content":{"rendered":"\n<p>\u0130nsanlar neden ko\u00e7luk, dan\u0131\u015fmanl\u0131k ve terapi al\u0131rlar?<\/p>\n\n\n\n<p>Her ne kadar bu ba\u015fl\u0131klar kendi i\u00e7lerinde dan\u0131\u015fana yakla\u015f\u0131m \u015fekilleri a\u00e7\u0131s\u0131ndan farkl\u0131l\u0131klar i\u00e7erse de, bir insan\u0131n ba\u015fka bir insan\u0131n destek ve rehberli\u011fine ihtiya\u00e7 duymas\u0131 hayat yolculuklar\u0131nda \u00e7ok geli\u015ftiricidir. Fark\u0131ndal\u0131\u011f\u0131 y\u00fcksek bireyler kendilerini anlama ihtiyac\u0131 duyduklar\u0131nda, yolculuklar\u0131nda t\u0131kand\u0131klar\u0131nda, hayatlar\u0131n\u0131 ilerletme noktas\u0131nda tak\u0131ld\u0131klar\u0131n\u0131 ve tatminsizliklerini hissettiklerinde, ili\u015fkilerinde problemler art\u0131k \u00e7\u00f6z\u00fclemez hale geldi\u011finde, kendilerine zarar veren bir ili\u015fkiyi bitirmekte zorland\u0131klar\u0131nda, kendilerine hizmet etmeyen doyum sa\u011flamayan i\u015f hayatlar\u0131n\u0131 d\u00f6n\u00fc\u015ft\u00fcrme zaman\u0131 geldi\u011finde, ruhsal durumlar\u0131nda ini\u015f \u00e7\u0131k\u0131\u015flar, k\u0131zg\u0131nl\u0131klar ve dertlerini art\u0131k payla\u015fma ihtiyac\u0131 hissettiklerinde, i\u00e7lerinde ki olumsuz duygu ve d\u00fc\u015f\u00fcnceleri d\u00f6n\u00fc\u015ft\u00fcrmemenin ac\u0131s\u0131n\u0131 deneyimlediklerinde, yeni d\u00fc\u015f\u00fcnce, duygu ve davran\u0131\u015f \u015fekli geli\u015ftirmek istediklerinde, hayatta s\u0131k\u0131\u015fm\u0131\u015f, bunalm\u0131\u015f, t\u00fckenmi\u015f hissettiklerinde, b\u0131rakmay\u0131 \u00f6\u011frenmek istediklerinde, kendileri ile ilgili alg\u0131 ve ileti\u015fimlerinde sorun ya\u015famaya ba\u015flad\u0131klar\u0131nda ve hayat de\u011ferleri, ama\u00e7lar\u0131n\u0131 bulmak ve kendini ger\u00e7ekle\u015ftirmeyi deneyimlemek istediklerinde bir rehber, yolda\u015f, bir terapist, dan\u0131\u015fman, ko\u00e7 ve bir uzmana ihtiya\u00e7 duyarlar. \u0130nsan\u0131n hayat yolculu\u011funda destek almas\u0131 en b\u00fcy\u00fck s\u0131\u00e7rama olurken yeniden hayata do\u011fmak kadar b\u00fcy\u00fck bir d\u00f6n\u00fc\u015f\u00fcm olacakt\u0131r. Sevgiyle.\u00a0<\/p>\n\n\n\n<p>\u00d6zlem Akta\u015f <\/p>\n\n\n\n<p>Aile Dan\u0131\u015fman\u0131, Terapist, Profesyonel Ko\u00e7<\/p>\n\n\n\n<p>022432434314<\/p>\n\n\n\n<p>05335179512<\/p>\n","protected":false},"excerpt":{"rendered":"<p>\u0130nsanlar neden ko\u00e7luk, dan\u0131\u015fmanl\u0131k ve terapi al\u0131rlar? Her ne kadar bu ba\u015fl\u0131klar kendi i\u00e7lerinde dan\u0131\u015fana yakla\u015f\u0131m \u015fekilleri a\u00e7\u0131s\u0131ndan farkl\u0131l\u0131klar i\u00e7erse de, bir insan\u0131n ba\u015fka bir insan\u0131n destek ve rehberli\u011fine ihtiya\u00e7 [&hellip;]<\/p>\n","protected":false},"author":1,"featured_media":0,"parent":0,"menu_order":0,"comment_status":"closed","ping_status":"closed","template":"","meta":[],"_links":{"self":[{"href":"https:\/\/www.akademiplena.com\/blog\/wp-json\/wp\/v2\/pages\/4282"}],"collection":[{"href":"https:\/\/www.akademiplena.com\/blog\/wp-json\/wp\/v2\/pages"}],"about":[{"href":"https:\/\/www.akademiplena.com\/blog\/wp-json\/wp\/v2\/types\/page"}],"author":[{"embeddable":true,"href":"https:\/\/www.akademiplena.com\/blog\/wp-json\/wp\/v2\/users\/1"}],"replies":[{"embeddable":true,"href":"https:\/\/www.akademiplena.com\/blog\/wp-json\/wp\/v2\/comments?post=4282"}],"version-history":[{"count":1,"href":"https:\/\/www.akademiplena.com\/blog\/wp-json\/wp\/v2\/pages\/4282\/revisions"}],"predecessor-version":[{"id":4283,"href":"https:\/\/www.akademiplena.com\/blog\/wp-json\/wp\/v2\/pages\/4282\/revisions\/4283"}],"wp:attachment":[{"href":"https:\/\/www.akademiplena.com\/blog\/wp-json\/wp\/v2\/media?parent=4282"}],"curies":[{"name":"wp","href":"https:\/\/api.w.org\/{rel}","templated":true}]}}