{"id":5,"date":"2011-04-02T07:35:03","date_gmt":"2011-04-02T07:35:03","guid":{"rendered":"http:\/\/www.mccdanismanlik.com\/?page_id=5"},"modified":"2021-12-10T19:18:04","modified_gmt":"2021-12-10T19:18:04","slug":"hakkimizda-6","status":"publish","type":"page","link":"https:\/\/www.akademiplena.com\/blog\/hakkimizda-6\/","title":{"rendered":"Hakk\u0131m\u0131zda"},"content":{"rendered":"<p>Kendini ancak ba\u015fka birinin AYNA s\u0131nda tam olarak g\u00f6rebilirsin&#8230;<\/p>\n<p>Bireysel ve Kurumsal Ko\u00e7, NLP Dan\u0131\u015fman\u0131 ve Hipnoterapist olan \u0130nci AKTA\u015e ve Aile Terapisti, Ko\u00e7, Psikoterapist \u00d6zlem AKTA\u015e taraf\u0131ndan kurulmu\u015ftur. Plena Human B\u00fct\u00fcnsel \u0130nsan Geli\u015fim Akademisi \u00f6\u011frenen organizasyon olarak s\u00fcrekli geli\u015fime ve yeniliklere odaklanm\u0131\u015ft\u0131r.<\/p>\n<p>Kurumsal ve bireysel dan\u0131\u015fanlar\u0131m\u0131z\u0131n ihtiya\u00e7lar\u0131na y\u00f6nelik, mevcut durumu ile istenilen durumu aras\u0131ndaki mesafeyi gelece\u011fe odaklanarak kapamay\u0131 hedefleyen profesyonel bir ili\u015fki y\u00fcr\u00fct\u00fclmektedir.Ya\u015fam hakk\u0131na ve \u00e7evreye sayg\u0131,yarat\u0131c\u0131l\u0131k ve yenilik\u00e7ilik,de\u011fi\u015fime ayak uydurma,sorumluluk,g\u00fcven,m\u00fc\u015fteri memnuniyeti,a\u00e7\u0131k ileti\u015fim,s\u00fcrekli geli\u015fim,\u00e7\u00f6z\u00fcm odakl\u0131l\u0131k,kalite,uzmanl\u0131k,tak\u0131m ruhu ,eme\u011fe sayg\u0131 ve bilgi payla\u015f\u0131m\u0131 ba\u015fl\u0131ca de\u011ferlerimizdir.<\/p>\n","protected":false},"excerpt":{"rendered":"<p>Kendini ancak ba\u015fka birinin AYNA s\u0131nda tam olarak g\u00f6rebilirsin&#8230; Bireysel ve Kurumsal Ko\u00e7, NLP Dan\u0131\u015fman\u0131 ve Hipnoterapist olan \u0130nci AKTA\u015e ve Aile Terapisti, Ko\u00e7, Psikoterapist \u00d6zlem AKTA\u015e taraf\u0131ndan kurulmu\u015ftur. Plena [&hellip;]<\/p>\n","protected":false},"author":1,"featured_media":0,"parent":0,"menu_order":0,"comment_status":"open","ping_status":"closed","template":"","meta":[],"_links":{"self":[{"href":"https:\/\/www.akademiplena.com\/blog\/wp-json\/wp\/v2\/pages\/5"}],"collection":[{"href":"https:\/\/www.akademiplena.com\/blog\/wp-json\/wp\/v2\/pages"}],"about":[{"href":"https:\/\/www.akademiplena.com\/blog\/wp-json\/wp\/v2\/types\/page"}],"author":[{"embeddable":true,"href":"https:\/\/www.akademiplena.com\/blog\/wp-json\/wp\/v2\/users\/1"}],"replies":[{"embeddable":true,"href":"https:\/\/www.akademiplena.com\/blog\/wp-json\/wp\/v2\/comments?post=5"}],"version-history":[{"count":12,"href":"https:\/\/www.akademiplena.com\/blog\/wp-json\/wp\/v2\/pages\/5\/revisions"}],"predecessor-version":[{"id":4613,"href":"https:\/\/www.akademiplena.com\/blog\/wp-json\/wp\/v2\/pages\/5\/revisions\/4613"}],"wp:attachment":[{"href":"https:\/\/www.akademiplena.com\/blog\/wp-json\/wp\/v2\/media?parent=5"}],"curies":[{"name":"wp","href":"https:\/\/api.w.org\/{rel}","templated":true}]}}